{"id":234,"date":"2020-01-01T05:46:18","date_gmt":"2020-01-01T12:46:18","guid":{"rendered":"https:\/\/jupiterx.artbees.net\/lab\/?page_id=234"},"modified":"2022-05-16T17:01:37","modified_gmt":"2022-05-17T00:01:37","slug":"bps-para-mosquito-y-mosca-bps-top","status":"publish","type":"page","link":"https:\/\/tecnologicadux.com\/en\/bps-para-mosquito-y-mosca-bps-top\/","title":{"rendered":"Bps para Mosquito y Mosca (Bps &#8211; Top)"},"content":{"rendered":"<div data-elementor-type=\"wp-page\" data-elementor-id=\"234\" class=\"elementor elementor-234\">\n\t\t\t\t\t\t<section class=\"elementor-section elementor-top-section elementor-element elementor-element-68f6f10 elementor-section-boxed elementor-section-height-default elementor-section-height-default\" data-id=\"68f6f10\" data-element_type=\"section\" data-settings=\"{&quot;jet_parallax_layout_list&quot;:[{&quot;jet_parallax_layout_image&quot;:{&quot;url&quot;:&quot;&quot;,&quot;id&quot;:&quot;&quot;,&quot;size&quot;:&quot;&quot;},&quot;_id&quot;:&quot;d7b3552&quot;,&quot;jet_parallax_layout_speed&quot;:{&quot;unit&quot;:&quot;%&quot;,&quot;size&quot;:&quot;50&quot;,&quot;sizes&quot;:[]},&quot;jet_parallax_layout_bg_x&quot;:&quot;50&quot;,&quot;jet_parallax_layout_bg_y&quot;:&quot;50&quot;,&quot;jet_parallax_layout_image_tablet&quot;:{&quot;url&quot;:&quot;&quot;,&quot;id&quot;:&quot;&quot;,&quot;size&quot;:&quot;&quot;},&quot;jet_parallax_layout_image_mobile&quot;:{&quot;url&quot;:&quot;&quot;,&quot;id&quot;:&quot;&quot;,&quot;size&quot;:&quot;&quot;},&quot;jet_parallax_layout_type&quot;:&quot;scroll&quot;,&quot;jet_parallax_layout_direction&quot;:null,&quot;jet_parallax_layout_fx_direction&quot;:null,&quot;jet_parallax_layout_z_index&quot;:&quot;&quot;,&quot;jet_parallax_layout_bg_x_tablet&quot;:&quot;&quot;,&quot;jet_parallax_layout_bg_x_mobile&quot;:&quot;&quot;,&quot;jet_parallax_layout_bg_y_tablet&quot;:&quot;&quot;,&quot;jet_parallax_layout_bg_y_mobile&quot;:&quot;&quot;,&quot;jet_parallax_layout_bg_size&quot;:&quot;auto&quot;,&quot;jet_parallax_layout_bg_size_tablet&quot;:&quot;&quot;,&quot;jet_parallax_layout_bg_size_mobile&quot;:&quot;&quot;,&quot;jet_parallax_layout_animation_prop&quot;:&quot;transform&quot;,&quot;jet_parallax_layout_on&quot;:[&quot;desktop&quot;,&quot;tablet&quot;]}],&quot;background_background&quot;:&quot;classic&quot;}\">\n\t\t\t\t\t\t<div class=\"elementor-container elementor-column-gap-no\">\n\t\t\t\t\t<div class=\"elementor-column elementor-col-100 elementor-top-column elementor-element elementor-element-ec87e1f\" data-id=\"ec87e1f\" data-element_type=\"column\">\n\t\t\t<div class=\"elementor-widget-wrap elementor-element-populated\">\n\t\t\t\t\t\t<div class=\"elementor-element elementor-element-6db5fdd elementor-widget elementor-widget-heading\" data-id=\"6db5fdd\" data-element_type=\"widget\" data-widget_type=\"heading.default\">\n\t\t\t\t<div class=\"elementor-widget-container\">\n\t\t\t<style>\/*! elementor - v3.21.0 - 30-04-2024 *\/\n.elementor-heading-title{padding:0;margin:0;line-height:1}.elementor-widget-heading .elementor-heading-title[class*=elementor-size-]>a{color:inherit;font-size:inherit;line-height:inherit}.elementor-widget-heading .elementor-heading-title.elementor-size-small{font-size:15px}.elementor-widget-heading .elementor-heading-title.elementor-size-medium{font-size:19px}.elementor-widget-heading .elementor-heading-title.elementor-size-large{font-size:29px}.elementor-widget-heading .elementor-heading-title.elementor-size-xl{font-size:39px}.elementor-widget-heading .elementor-heading-title.elementor-size-xxl{font-size:59px}<\/style><h1 class=\"elementor-heading-title elementor-size-default\">(Bps \u2013 Top) Mosquito and Fly Control<\/h1>\t\t<\/div>\n\t\t\t\t<\/div>\n\t\t\t\t<div class=\"elementor-element elementor-element-c128bbf elementor-widget elementor-widget-heading\" data-id=\"c128bbf\" data-element_type=\"widget\" data-widget_type=\"heading.default\">\n\t\t\t\t<div class=\"elementor-widget-container\">\n\t\t\t<h1 class=\"elementor-heading-title elementor-size-default\">(Bps - Top)<\/h1>\t\t<\/div>\n\t\t\t\t<\/div>\n\t\t\t\t\t<\/div>\n\t\t<\/div>\n\t\t\t\t\t<\/div>\n\t\t<\/section>\n\t\t\t\t<section class=\"elementor-section elementor-top-section elementor-element elementor-element-792ec02 elementor-section-boxed elementor-section-height-default elementor-section-height-default\" data-id=\"792ec02\" data-element_type=\"section\" data-settings=\"{&quot;jet_parallax_layout_list&quot;:[{&quot;jet_parallax_layout_image&quot;:{&quot;url&quot;:&quot;&quot;,&quot;id&quot;:&quot;&quot;,&quot;size&quot;:&quot;&quot;},&quot;_id&quot;:&quot;dd90eb9&quot;,&quot;jet_parallax_layout_speed&quot;:{&quot;unit&quot;:&quot;%&quot;,&quot;size&quot;:&quot;50&quot;,&quot;sizes&quot;:[]},&quot;jet_parallax_layout_bg_x&quot;:&quot;50&quot;,&quot;jet_parallax_layout_bg_y&quot;:&quot;50&quot;,&quot;jet_parallax_layout_image_tablet&quot;:{&quot;url&quot;:&quot;&quot;,&quot;id&quot;:&quot;&quot;,&quot;size&quot;:&quot;&quot;},&quot;jet_parallax_layout_image_mobile&quot;:{&quot;url&quot;:&quot;&quot;,&quot;id&quot;:&quot;&quot;,&quot;size&quot;:&quot;&quot;},&quot;jet_parallax_layout_type&quot;:&quot;scroll&quot;,&quot;jet_parallax_layout_direction&quot;:null,&quot;jet_parallax_layout_fx_direction&quot;:null,&quot;jet_parallax_layout_z_index&quot;:&quot;&quot;,&quot;jet_parallax_layout_bg_x_tablet&quot;:&quot;&quot;,&quot;jet_parallax_layout_bg_x_mobile&quot;:&quot;&quot;,&quot;jet_parallax_layout_bg_y_tablet&quot;:&quot;&quot;,&quot;jet_parallax_layout_bg_y_mobile&quot;:&quot;&quot;,&quot;jet_parallax_layout_bg_size&quot;:&quot;auto&quot;,&quot;jet_parallax_layout_bg_size_tablet&quot;:&quot;&quot;,&quot;jet_parallax_layout_bg_size_mobile&quot;:&quot;&quot;,&quot;jet_parallax_layout_animation_prop&quot;:&quot;transform&quot;,&quot;jet_parallax_layout_on&quot;:[&quot;desktop&quot;,&quot;tablet&quot;]}]}\">\n\t\t\t\t\t\t<div class=\"elementor-container elementor-column-gap-no\">\n\t\t\t\t\t<div class=\"elementor-column elementor-col-50 elementor-top-column elementor-element elementor-element-3a60f67\" data-id=\"3a60f67\" data-element_type=\"column\">\n\t\t\t<div class=\"elementor-widget-wrap elementor-element-populated\">\n\t\t\t\t\t\t<div class=\"elementor-element elementor-element-d0d58f2 elementor-widget elementor-widget-raven-image\" data-id=\"d0d58f2\" data-element_type=\"widget\" data-widget_type=\"raven-image.default\">\n\t\t\t\t<div class=\"elementor-widget-container\">\n\t\t\t\t\t<div class=\"raven-image\">\n\t\t\n\t\t\n\t\t<img fetchpriority=\"high\" decoding=\"async\" width=\"716\" height=\"481\" src=\"https:\/\/tecnologicadux.com\/wp-content\/uploads\/2019\/12\/bps_mosquito_mosca.jpg\" class=\"attachment-full size-full wp-image-602\" alt=\"\" srcset=\"https:\/\/tecnologicadux.com\/wp-content\/uploads\/2019\/12\/bps_mosquito_mosca.jpg 716w, https:\/\/tecnologicadux.com\/wp-content\/uploads\/2019\/12\/bps_mosquito_mosca-300x202.jpg 300w\" sizes=\"(max-width: 716px) 100vw, 716px\" \/>\t\t<\/div>\n\t\t\t\t<\/div>\n\t\t\t\t<\/div>\n\t\t\t\t\t<\/div>\n\t\t<\/div>\n\t\t\t\t<div class=\"elementor-column elementor-col-50 elementor-top-column elementor-element elementor-element-71002b3\" data-id=\"71002b3\" data-element_type=\"column\">\n\t\t\t<div class=\"elementor-widget-wrap elementor-element-populated\">\n\t\t\t\t\t\t<div class=\"elementor-element elementor-element-466c2ec elementor-widget elementor-widget-text-editor\" data-id=\"466c2ec\" data-element_type=\"widget\" data-widget_type=\"text-editor.default\">\n\t\t\t\t<div class=\"elementor-widget-container\">\n\t\t\t<style>\/*! elementor - v3.21.0 - 30-04-2024 *\/\n.elementor-widget-text-editor.elementor-drop-cap-view-stacked .elementor-drop-cap{background-color:#69727d;color:#fff}.elementor-widget-text-editor.elementor-drop-cap-view-framed .elementor-drop-cap{color:#69727d;border:3px solid;background-color:transparent}.elementor-widget-text-editor:not(.elementor-drop-cap-view-default) .elementor-drop-cap{margin-top:8px}.elementor-widget-text-editor:not(.elementor-drop-cap-view-default) .elementor-drop-cap-letter{width:1em;height:1em}.elementor-widget-text-editor .elementor-drop-cap{float:left;text-align:center;line-height:1;font-size:50px}.elementor-widget-text-editor .elementor-drop-cap-letter{display:inline-block}<\/style>\t\t\t\t<p>Our product, Bps \u2013 Top, has as active compound the microorganism Bacillus Thuringiensis serotipo israelensis, which is a harmless bacteria for the human body, animals and plants, terrestrial or aquatic, but it is lethal for some diptheroid insects like the mosquito (genus Aedes, Anopbeles, Expeus, Culex, Chironomus and Psoropbora) and the black fly (Genus Simulium).<\/p><p>This product produces toxins that are effective in killing various species of mosquitoes and black fly, meanwhile there is almost no effect on other organisms. This product is applied in bodies of stagnant water where the mosquito and black fly reproduce, interrupting the life cycle of the organism without altering the ecology of other species in the body of water.<\/p>\t\t\t\t\t\t<\/div>\n\t\t\t\t<\/div>\n\t\t\t\t\t<\/div>\n\t\t<\/div>\n\t\t\t\t\t<\/div>\n\t\t<\/section>\n\t\t\t\t<section class=\"elementor-section elementor-top-section elementor-element elementor-element-2801963 elementor-section-boxed elementor-section-height-default elementor-section-height-default\" data-id=\"2801963\" data-element_type=\"section\" data-settings=\"{&quot;jet_parallax_layout_list&quot;:[]}\">\n\t\t\t\t\t\t<div class=\"elementor-container elementor-column-gap-default\">\n\t\t\t\t\t<div class=\"elementor-column elementor-col-100 elementor-top-column elementor-element elementor-element-9ddf933\" data-id=\"9ddf933\" data-element_type=\"column\">\n\t\t\t<div class=\"elementor-widget-wrap elementor-element-populated\">\n\t\t\t\t\t\t<div class=\"elementor-element elementor-element-97e6001 elementor-widget elementor-widget-image\" data-id=\"97e6001\" data-element_type=\"widget\" data-widget_type=\"image.default\">\n\t\t\t\t<div class=\"elementor-widget-container\">\n\t\t\t<style>\/*! elementor - v3.21.0 - 30-04-2024 *\/\n.elementor-widget-image{text-align:center}.elementor-widget-image a{display:inline-block}.elementor-widget-image a img[src$=\".svg\"]{width:48px}.elementor-widget-image img{vertical-align:middle;display:inline-block}<\/style>\t\t\t\t\t\t\t\t\t\t<img decoding=\"async\" width=\"1200\" height=\"612\" src=\"https:\/\/tecnologicadux.com\/wp-content\/uploads\/2022\/05\/bps_mosquito_mosca_2.jpg\" class=\"attachment-full size-full wp-image-718\" alt=\"\" srcset=\"https:\/\/tecnologicadux.com\/wp-content\/uploads\/2022\/05\/bps_mosquito_mosca_2.jpg 1200w, https:\/\/tecnologicadux.com\/wp-content\/uploads\/2022\/05\/bps_mosquito_mosca_2-300x153.jpg 300w, https:\/\/tecnologicadux.com\/wp-content\/uploads\/2022\/05\/bps_mosquito_mosca_2-1024x522.jpg 1024w, https:\/\/tecnologicadux.com\/wp-content\/uploads\/2022\/05\/bps_mosquito_mosca_2-768x392.jpg 768w\" sizes=\"(max-width: 1200px) 100vw, 1200px\" \/>\t\t\t\t\t\t\t\t\t\t\t\t\t<\/div>\n\t\t\t\t<\/div>\n\t\t\t\t\t<\/div>\n\t\t<\/div>\n\t\t\t\t\t<\/div>\n\t\t<\/section>\n\t\t\t\t<\/div>","protected":false},"excerpt":{"rendered":"<p>Bps para Mosquito y Mosca (Bps &#8211; Top) Nuestro producto Bps &#8211; Top tiene como compuesto activo al microorganismo Bacillus thuringiensis serotipo israelensis, que es una bacteria inofensiva para el ser humano, animales y plantas acu\u00e1ticos y terrestres, pero es letal para los estadios larvarios de algunos insectos d\u00edpteros como el mosquito (de los g\u00e9neros [&hellip;]<\/p>","protected":false},"author":2,"featured_media":0,"parent":0,"menu_order":0,"comment_status":"closed","ping_status":"closed","template":"full-width.php","meta":{"_acf_changed":false,"footnotes":""},"acf":[],"_links":{"self":[{"href":"https:\/\/tecnologicadux.com\/en\/wp-json\/wp\/v2\/pages\/234"}],"collection":[{"href":"https:\/\/tecnologicadux.com\/en\/wp-json\/wp\/v2\/pages"}],"about":[{"href":"https:\/\/tecnologicadux.com\/en\/wp-json\/wp\/v2\/types\/page"}],"author":[{"embeddable":true,"href":"https:\/\/tecnologicadux.com\/en\/wp-json\/wp\/v2\/users\/2"}],"replies":[{"embeddable":true,"href":"https:\/\/tecnologicadux.com\/en\/wp-json\/wp\/v2\/comments?post=234"}],"version-history":[{"count":26,"href":"https:\/\/tecnologicadux.com\/en\/wp-json\/wp\/v2\/pages\/234\/revisions"}],"predecessor-version":[{"id":1015,"href":"https:\/\/tecnologicadux.com\/en\/wp-json\/wp\/v2\/pages\/234\/revisions\/1015"}],"wp:attachment":[{"href":"https:\/\/tecnologicadux.com\/en\/wp-json\/wp\/v2\/media?parent=234"}],"curies":[{"name":"wp","href":"https:\/\/api.w.org\/{rel}","templated":true}]}}